{"id":126,"date":"2023-07-03T15:24:18","date_gmt":"2023-07-03T15:24:18","guid":{"rendered":"https:\/\/gemeinsamgesund.pixel.gmbh\/?post_type=product&#038;p=126"},"modified":"2024-02-06T16:23:26","modified_gmt":"2024-02-06T16:23:26","slug":"gitterbox-mit-deckel","status":"publish","type":"product","link":"https:\/\/gitterbox.at\/index.php\/produkt\/gitterbox-mit-deckel\/","title":{"rendered":"Gitterbox mit Deckel"},"content":{"rendered":"<h3>Gitterboxpalette mit Deckel die perfekte L\u00f6sung<\/h3>\n<p>Unsere Gitterboxen mit Deckel sind in der Lagerung vielf\u00e4ltig einsetzbar und erfreuen sich zum Beispiel auch bei Kunden aus den Bereichen Ger\u00fcstbau (Lagerung von Kleinteilen) gro\u00dfer Beliebtheit.<\/p>\n","protected":false},"excerpt":{"rendered":"<p>Gitterboxpalette mit Deckel die perfekte L\u00f6sung Unsere Gitterboxen mit Deckel sind in der Lagerung vielf\u00e4ltig einsetzbar und erfreuen sich zum Beispiel auch bei Kunden aus den Bereichen Ger\u00fcstbau (Lagerung von Kleinteilen) gro\u00dfer Beliebtheit.<\/p>\n","protected":false},"featured_media":616,"template":"","meta":{"_acf_changed":false},"product_brand":[],"product_cat":[21],"product_tag":[],"class_list":{"0":"post-126","1":"product","2":"type-product","3":"status-publish","4":"has-post-thumbnail","6":"product_cat-gitterbox","8":"first","9":"instock","10":"taxable","11":"shipping-taxable","12":"purchasable","13":"product-type-simple"},"acf":[],"_links":{"self":[{"href":"https:\/\/gitterbox.at\/index.php\/wp-json\/wp\/v2\/product\/126","targetHints":{"allow":["GET"]}}],"collection":[{"href":"https:\/\/gitterbox.at\/index.php\/wp-json\/wp\/v2\/product"}],"about":[{"href":"https:\/\/gitterbox.at\/index.php\/wp-json\/wp\/v2\/types\/product"}],"wp:featuredmedia":[{"embeddable":true,"href":"https:\/\/gitterbox.at\/index.php\/wp-json\/wp\/v2\/media\/616"}],"wp:attachment":[{"href":"https:\/\/gitterbox.at\/index.php\/wp-json\/wp\/v2\/media?parent=126"}],"wp:term":[{"taxonomy":"product_brand","embeddable":true,"href":"https:\/\/gitterbox.at\/index.php\/wp-json\/wp\/v2\/product_brand?post=126"},{"taxonomy":"product_cat","embeddable":true,"href":"https:\/\/gitterbox.at\/index.php\/wp-json\/wp\/v2\/product_cat?post=126"},{"taxonomy":"product_tag","embeddable":true,"href":"https:\/\/gitterbox.at\/index.php\/wp-json\/wp\/v2\/product_tag?post=126"}],"curies":[{"name":"wp","href":"https:\/\/api.w.org\/{rel}","templated":true}]}}