{"id":575,"date":"2023-10-04T18:42:44","date_gmt":"2023-10-04T18:42:44","guid":{"rendered":"https:\/\/gitterbox.at\/?post_type=product&#038;p=575"},"modified":"2024-03-12T16:49:41","modified_gmt":"2024-03-12T16:49:41","slug":"kunststoffpaletten","status":"publish","type":"product","link":"https:\/\/gitterbox.at\/index.php\/produkt\/kunststoffpaletten\/","title":{"rendered":"Kunststoffpaletten"},"content":{"rendered":"<p>Kunststoffpaletten haben gegen\u00fcber gew\u00f6hnlichen Holzpaletten einige Vorteile:<br \/>\nSie sind leichter, hinterlassen keine Splitter, sind frei von jeglichem Schimmel-und Pilzbefall und weisen eine deutlich l\u00e4ngere Lebensdauer auf.<br \/>\nSie wurden speziell f\u00fcr schwere Lasten konzipiert, sind maschinell transportabel und auf EURO bzw. ISO Formate abgestimmt.<\/p>\n<p>entschachtelt, gebraucht<br \/>\n1200&#215;800 mm<\/p>\n<p>&nbsp;<\/p>\n<p><strong>VERSANDOPTIONEN:<br \/>\nAbholung: <\/strong>Ist jederzeit bei unserem Firmenstandort in Wippenham m\u00f6glich.<\/p>\n<p><strong>Versand: <\/strong>Ist \u00d6sterreichweit m\u00f6glich. (Weitere EU-L\u00e4nder auf Anfrage.)<strong><br \/>\n<\/strong>Die Versandkosten werden nach Lieferort ermittelt.<br \/>\nWir bitte um Ihr Verst\u00e4ndnis und werden Ihnen die Frachtkosten (PLZ-genau) in einen separaten Angebot nennen.<br \/>\nBitte nutze hierzu die ANFRAGE-OPTION im Warenkorb.<\/p>\n","protected":false},"excerpt":{"rendered":"<p>Kunststoffpaletten haben gegen\u00fcber gew\u00f6hnlichen Holzpaletten einige Vorteile: Sie sind leichter, hinterlassen keine Splitter, sind frei von jeglichem Schimmel-und Pilzbefall und weisen eine deutlich l\u00e4ngere Lebensdauer auf. Sie wurden speziell f\u00fcr schwere Lasten konzipiert, sind maschinell transportabel und auf EURO bzw. ISO Formate abgestimmt. entschachtelt, gebraucht 1200&#215;800 mm &nbsp; VERSANDOPTIONEN: Abholung: Ist jederzeit bei unserem Firmenstandort [&hellip;]<\/p>\n","protected":false},"featured_media":600,"template":"","meta":{"_acf_changed":false},"product_brand":[],"product_cat":[20],"product_tag":[],"class_list":{"0":"post-575","1":"product","2":"type-product","3":"status-publish","4":"has-post-thumbnail","6":"product_cat-palette","8":"first","9":"instock","10":"taxable","11":"shipping-taxable","12":"purchasable","13":"product-type-simple"},"acf":[],"_links":{"self":[{"href":"https:\/\/gitterbox.at\/index.php\/wp-json\/wp\/v2\/product\/575","targetHints":{"allow":["GET"]}}],"collection":[{"href":"https:\/\/gitterbox.at\/index.php\/wp-json\/wp\/v2\/product"}],"about":[{"href":"https:\/\/gitterbox.at\/index.php\/wp-json\/wp\/v2\/types\/product"}],"wp:featuredmedia":[{"embeddable":true,"href":"https:\/\/gitterbox.at\/index.php\/wp-json\/wp\/v2\/media\/600"}],"wp:attachment":[{"href":"https:\/\/gitterbox.at\/index.php\/wp-json\/wp\/v2\/media?parent=575"}],"wp:term":[{"taxonomy":"product_brand","embeddable":true,"href":"https:\/\/gitterbox.at\/index.php\/wp-json\/wp\/v2\/product_brand?post=575"},{"taxonomy":"product_cat","embeddable":true,"href":"https:\/\/gitterbox.at\/index.php\/wp-json\/wp\/v2\/product_cat?post=575"},{"taxonomy":"product_tag","embeddable":true,"href":"https:\/\/gitterbox.at\/index.php\/wp-json\/wp\/v2\/product_tag?post=575"}],"curies":[{"name":"wp","href":"https:\/\/api.w.org\/{rel}","templated":true}]}}