{"id":577,"date":"2024-01-22T14:55:47","date_gmt":"2024-01-22T14:55:47","guid":{"rendered":"https:\/\/gitterbox.at\/?post_type=product&#038;p=577"},"modified":"2024-09-12T10:03:53","modified_gmt":"2024-09-12T10:03:53","slug":"ratschen-zurrgurt","status":"publish","type":"product","link":"https:\/\/gitterbox.at\/index.php\/produkt\/ratschen-zurrgurt\/","title":{"rendered":"Ratsche Zurrgurt"},"content":{"rendered":"<p>Klauenhaken-Ratsche-Zurrgurt,<br \/>\n2 Teilig, LC 2000daN, Farbe Orange Tector<\/p>\n<p>50mm x 8m<\/p>\n<p>&nbsp;<\/p>\n<p><strong>VERSANDOPTIONEN:<br \/>\nAbholung: <\/strong>Ist jederzeit bei unserem Firmenstandort in Wippenham m\u00f6glich.<\/p>\n<p><strong>Versand: <\/strong>Ist \u00d6sterreichweit m\u00f6glich. (Weitere EU-L\u00e4nder auf Anfrage.)<strong><br \/>\n<\/strong>Die Versandkosten werden nach Lieferort ermittelt.<br \/>\nWir bitte um Ihr Verst\u00e4ndnis und werden Ihnen die Frachtkosten (PLZ-genau) in einen separaten Angebot nennen.<br \/>\nBitte nutze hierzu die ANFRAGE-OPTION im Warenkorb.<\/p>\n","protected":false},"excerpt":{"rendered":"<p>Klauenhaken-Ratsche-Zurrgurt, 2 Teilig, LC 2000daN, Farbe Orange Tector 50mm x 8m &nbsp; VERSANDOPTIONEN: Abholung: Ist jederzeit bei unserem Firmenstandort in Wippenham m\u00f6glich. Versand: Ist \u00d6sterreichweit m\u00f6glich. (Weitere EU-L\u00e4nder auf Anfrage.) Die Versandkosten werden nach Lieferort ermittelt. Wir bitte um Ihr Verst\u00e4ndnis und werden Ihnen die Frachtkosten (PLZ-genau) in einen separaten Angebot nennen. Bitte nutze hierzu [&hellip;]<\/p>\n","protected":false},"featured_media":578,"template":"","meta":{"_acf_changed":false},"product_brand":[],"product_cat":[26],"product_tag":[],"class_list":{"0":"post-577","1":"product","2":"type-product","3":"status-publish","4":"has-post-thumbnail","6":"product_cat-zurrgurte","8":"first","9":"instock","10":"taxable","11":"shipping-taxable","12":"purchasable","13":"product-type-simple"},"acf":[],"_links":{"self":[{"href":"https:\/\/gitterbox.at\/index.php\/wp-json\/wp\/v2\/product\/577","targetHints":{"allow":["GET"]}}],"collection":[{"href":"https:\/\/gitterbox.at\/index.php\/wp-json\/wp\/v2\/product"}],"about":[{"href":"https:\/\/gitterbox.at\/index.php\/wp-json\/wp\/v2\/types\/product"}],"wp:featuredmedia":[{"embeddable":true,"href":"https:\/\/gitterbox.at\/index.php\/wp-json\/wp\/v2\/media\/578"}],"wp:attachment":[{"href":"https:\/\/gitterbox.at\/index.php\/wp-json\/wp\/v2\/media?parent=577"}],"wp:term":[{"taxonomy":"product_brand","embeddable":true,"href":"https:\/\/gitterbox.at\/index.php\/wp-json\/wp\/v2\/product_brand?post=577"},{"taxonomy":"product_cat","embeddable":true,"href":"https:\/\/gitterbox.at\/index.php\/wp-json\/wp\/v2\/product_cat?post=577"},{"taxonomy":"product_tag","embeddable":true,"href":"https:\/\/gitterbox.at\/index.php\/wp-json\/wp\/v2\/product_tag?post=577"}],"curies":[{"name":"wp","href":"https:\/\/api.w.org\/{rel}","templated":true}]}}