{"id":579,"date":"2023-10-04T18:47:03","date_gmt":"2023-10-04T18:47:03","guid":{"rendered":"https:\/\/gitterbox.at\/?post_type=product&#038;p=579"},"modified":"2024-01-22T14:52:35","modified_gmt":"2024-01-22T14:52:35","slug":"gewaechshaus-venus","status":"publish","type":"product","link":"https:\/\/gitterbox.at\/index.php\/produkt\/gewaechshaus-venus\/","title":{"rendered":"Gew\u00e4chshaus VENUS"},"content":{"rendered":"<p>Gew\u00e4chshaus VENUS:<br \/>\nBesteht aus galvanisierten Stahlprofilen und\u00a0 4mm Polycarbonat-Platten.<br \/>\nGr\u00f6\u00dfe: 400 x 300 x 210 cm (L x B x H)<br \/>\nInklusive einer T\u00fcre (diese ist bei\u00a0 der H\u00e4lfte teilbar)<br \/>\nSchneelast bis zu 110kg\/m2<\/p>\n<p>Optional erweiterbar um 2m (Aufpreis von \u20ac 285,00)<br \/>\nOptional erweiterbar mit einem Fenster inkl. automatischen \u00d6ffner (Aufpreis \u20ac 180,00)<\/p>\n<p>&nbsp;<\/p>\n<p><strong>VERSANDOPTIONEN:<br \/>\nAbholung: <\/strong>Ist jederzeit bei unserem Firmenstandort in Wippenham m\u00f6glich.<\/p>\n","protected":false},"excerpt":{"rendered":"<p>Gew\u00e4chshaus VENUS: Besteht aus galvanisierten Stahlprofilen und\u00a0 4mm Polycarbonat-Platten. Gr\u00f6\u00dfe: 400 x 300 x 210 cm (L x B x H) Inklusive einer T\u00fcre (diese ist bei\u00a0 der H\u00e4lfte teilbar) Schneelast bis zu 110kg\/m2 Optional erweiterbar um 2m (Aufpreis von \u20ac 285,00) Optional erweiterbar mit einem Fenster inkl. automatischen \u00d6ffner (Aufpreis \u20ac 180,00) &nbsp; VERSANDOPTIONEN: [&hellip;]<\/p>\n","protected":false},"featured_media":580,"template":"","meta":{"_acf_changed":false},"product_brand":[],"product_cat":[27],"product_tag":[],"class_list":{"0":"post-579","1":"product","2":"type-product","3":"status-publish","4":"has-post-thumbnail","6":"product_cat-gewaechshaus","8":"first","9":"instock","10":"taxable","11":"shipping-taxable","12":"purchasable","13":"product-type-simple"},"acf":[],"_links":{"self":[{"href":"https:\/\/gitterbox.at\/index.php\/wp-json\/wp\/v2\/product\/579","targetHints":{"allow":["GET"]}}],"collection":[{"href":"https:\/\/gitterbox.at\/index.php\/wp-json\/wp\/v2\/product"}],"about":[{"href":"https:\/\/gitterbox.at\/index.php\/wp-json\/wp\/v2\/types\/product"}],"wp:featuredmedia":[{"embeddable":true,"href":"https:\/\/gitterbox.at\/index.php\/wp-json\/wp\/v2\/media\/580"}],"wp:attachment":[{"href":"https:\/\/gitterbox.at\/index.php\/wp-json\/wp\/v2\/media?parent=579"}],"wp:term":[{"taxonomy":"product_brand","embeddable":true,"href":"https:\/\/gitterbox.at\/index.php\/wp-json\/wp\/v2\/product_brand?post=579"},{"taxonomy":"product_cat","embeddable":true,"href":"https:\/\/gitterbox.at\/index.php\/wp-json\/wp\/v2\/product_cat?post=579"},{"taxonomy":"product_tag","embeddable":true,"href":"https:\/\/gitterbox.at\/index.php\/wp-json\/wp\/v2\/product_tag?post=579"}],"curies":[{"name":"wp","href":"https:\/\/api.w.org\/{rel}","templated":true}]}}