{"id":621,"date":"2023-10-04T13:03:06","date_gmt":"2023-10-04T13:03:06","guid":{"rendered":"https:\/\/gitterbox.at\/?post_type=product&#038;p=621"},"modified":"2024-02-06T16:26:52","modified_gmt":"2024-02-06T16:26:52","slug":"gitterbox-epal-uic-800x120x200","status":"publish","type":"product","link":"https:\/\/gitterbox.at\/index.php\/produkt\/gitterbox-epal-uic-800x120x200\/","title":{"rendered":"Gitterbox EPAL UIC 800x120x200"},"content":{"rendered":"<h3>Gitterboxpalette individuell einsetzbar<\/h3>\n<p>Unsere Gitterboxen sind in der Lagerung vielf\u00e4ltig einsetzbar und erfreuen sich zum Beispiel auch bei Kunden aus den Bereichen Ger\u00fcstbau (Lagerung von Kleinteilen) und Weinanbau (Lagerung von Weinflaschen) gro\u00dfer Beliebtheit. Die Europoolgitterbox wird jedoch auch als, Tausch-Gitterbox, Poolbox, EUR-Gitterboxpalette, Gibo, usw. bezeichnet und ist der Klassiker im Tauschsystem des Europools.<\/p>\n<p>&nbsp;<\/p>\n<p><strong>VERSANDOPTIONEN:<br \/>\nAbholung: <\/strong>Ist jederzeit bei unserem Firmenstandort in Wippenham m\u00f6glich.<\/p>\n<p><strong>Versand: <\/strong>Ist \u00d6sterreichweit m\u00f6glich. (Weitere EU-L\u00e4nder auf Anfrage.)<strong><br \/>\n<\/strong>Die Versandkosten werden nach Lieferort ermittelt.<br \/>\nWir bitte um Ihr Verst\u00e4ndnis und werden Ihnen die Frachtkosten (PLZ-genau) in einen separaten Angebot nennen.<br \/>\nBitte nutze hierzu die ANFRAGE-OPTION im Warenkorb.<\/p>\n","protected":false},"excerpt":{"rendered":"<p>Gitterboxpalette individuell einsetzbar Unsere Gitterboxen sind in der Lagerung vielf\u00e4ltig einsetzbar und erfreuen sich zum Beispiel auch bei Kunden aus den Bereichen Ger\u00fcstbau (Lagerung von Kleinteilen) und Weinanbau (Lagerung von Weinflaschen) gro\u00dfer Beliebtheit. Die Europoolgitterbox wird jedoch auch als, Tausch-Gitterbox, Poolbox, EUR-Gitterboxpalette, Gibo, usw. bezeichnet und ist der Klassiker im Tauschsystem des Europools. &nbsp; VERSANDOPTIONEN: [&hellip;]<\/p>\n","protected":false},"featured_media":622,"template":"","meta":{"_acf_changed":false},"product_brand":[],"product_cat":[21],"product_tag":[],"class_list":{"0":"post-621","1":"product","2":"type-product","3":"status-publish","4":"has-post-thumbnail","6":"product_cat-gitterbox","8":"first","9":"instock","10":"taxable","11":"shipping-taxable","12":"purchasable","13":"product-type-simple"},"acf":[],"_links":{"self":[{"href":"https:\/\/gitterbox.at\/index.php\/wp-json\/wp\/v2\/product\/621","targetHints":{"allow":["GET"]}}],"collection":[{"href":"https:\/\/gitterbox.at\/index.php\/wp-json\/wp\/v2\/product"}],"about":[{"href":"https:\/\/gitterbox.at\/index.php\/wp-json\/wp\/v2\/types\/product"}],"wp:featuredmedia":[{"embeddable":true,"href":"https:\/\/gitterbox.at\/index.php\/wp-json\/wp\/v2\/media\/622"}],"wp:attachment":[{"href":"https:\/\/gitterbox.at\/index.php\/wp-json\/wp\/v2\/media?parent=621"}],"wp:term":[{"taxonomy":"product_brand","embeddable":true,"href":"https:\/\/gitterbox.at\/index.php\/wp-json\/wp\/v2\/product_brand?post=621"},{"taxonomy":"product_cat","embeddable":true,"href":"https:\/\/gitterbox.at\/index.php\/wp-json\/wp\/v2\/product_cat?post=621"},{"taxonomy":"product_tag","embeddable":true,"href":"https:\/\/gitterbox.at\/index.php\/wp-json\/wp\/v2\/product_tag?post=621"}],"curies":[{"name":"wp","href":"https:\/\/api.w.org\/{rel}","templated":true}]}}