{"id":657,"date":"2023-11-23T12:38:55","date_gmt":"2023-11-23T12:38:55","guid":{"rendered":"https:\/\/gitterbox.at\/?post_type=product&#038;p=657"},"modified":"2024-01-22T14:53:22","modified_gmt":"2024-01-22T14:53:22","slug":"hochbeet-aus-stahl","status":"publish","type":"product","link":"https:\/\/gitterbox.at\/index.php\/produkt\/hochbeet-aus-stahl\/","title":{"rendered":"Hochbeet aus Stahl"},"content":{"rendered":"<p><strong>Unser Stahl-Hochbeet ist ein unzerst\u00f6rbarer Klassiker.<\/strong><\/p>\n<p>Hochwertige Handarbeit und eine durchdachte Konstruktion sorgen f\u00fcr Langlebigkeit.<br \/>\nDie per Hand dicht verschwei\u00dften N\u00e4hte garantieren f\u00fcr hohe Stabilit\u00e4t und die stahl Optik f\u00fcr einen \u201emodernen Look\u201c in ihren Garten.<br \/>\nSie arbeiten R\u00fcckenschonend und k\u00f6nnen sich \u00fcber einen Schutzeffekt gegen Schnecken freuen.<\/p>\n<p>Bei unserem Hochbeet ist die L\u00e4nge variabel \u2013 je nach Wunsch mit 2m, 3m, 4m, 5m oder 6m.<br \/>\nBei l\u00e4ngeren Ausf\u00fchrungen unterst\u00fctzt eine Aussteifstange die Seitenw\u00e4nde.<br \/>\nQualit\u00e4tsstahlblech mit 3mm.<\/p>\n<p>Variante 1:<br \/>\n2x1m, EUR 625,00 netto (inkl. EUR 750,00)<\/p>\n<p>Variante 2:<br \/>\n3x1m EUR 766,67 netto (inkl. EUR 920,00)<\/p>\n<p>Variante 3:<br \/>\n4x1m EUR 908,33 netto (inkl. EUR 1.090,00)<\/p>\n<p>Variante 4:<br \/>\n5x1m EUR 1.050,00 netto (inkl. EUR 1.260,00)<\/p>\n<p>Variante 5:<br \/>\n6x1m EUR 1.191.67 netto (inkl. EUR 1.430,00)<\/p>\n<p>Versand auf Anfrage!<\/p>\n","protected":false},"excerpt":{"rendered":"<p>Unser Stahl-Hochbeet ist ein unzerst\u00f6rbarer Klassiker. Hochwertige Handarbeit und eine durchdachte Konstruktion sorgen f\u00fcr Langlebigkeit. Die per Hand dicht verschwei\u00dften N\u00e4hte garantieren f\u00fcr hohe Stabilit\u00e4t und die stahl Optik f\u00fcr einen \u201emodernen Look\u201c in ihren Garten. Sie arbeiten R\u00fcckenschonend und k\u00f6nnen sich \u00fcber einen Schutzeffekt gegen Schnecken freuen. Bei unserem Hochbeet ist die L\u00e4nge variabel [&hellip;]<\/p>\n","protected":false},"featured_media":658,"template":"","meta":{"_acf_changed":false},"product_brand":[],"product_cat":[29],"product_tag":[],"class_list":{"0":"post-657","1":"product","2":"type-product","3":"status-publish","4":"has-post-thumbnail","6":"product_cat-hochbeet","8":"first","9":"instock","10":"taxable","11":"shipping-taxable","12":"purchasable","13":"product-type-simple"},"acf":[],"_links":{"self":[{"href":"https:\/\/gitterbox.at\/index.php\/wp-json\/wp\/v2\/product\/657","targetHints":{"allow":["GET"]}}],"collection":[{"href":"https:\/\/gitterbox.at\/index.php\/wp-json\/wp\/v2\/product"}],"about":[{"href":"https:\/\/gitterbox.at\/index.php\/wp-json\/wp\/v2\/types\/product"}],"wp:featuredmedia":[{"embeddable":true,"href":"https:\/\/gitterbox.at\/index.php\/wp-json\/wp\/v2\/media\/658"}],"wp:attachment":[{"href":"https:\/\/gitterbox.at\/index.php\/wp-json\/wp\/v2\/media?parent=657"}],"wp:term":[{"taxonomy":"product_brand","embeddable":true,"href":"https:\/\/gitterbox.at\/index.php\/wp-json\/wp\/v2\/product_brand?post=657"},{"taxonomy":"product_cat","embeddable":true,"href":"https:\/\/gitterbox.at\/index.php\/wp-json\/wp\/v2\/product_cat?post=657"},{"taxonomy":"product_tag","embeddable":true,"href":"https:\/\/gitterbox.at\/index.php\/wp-json\/wp\/v2\/product_tag?post=657"}],"curies":[{"name":"wp","href":"https:\/\/api.w.org\/{rel}","templated":true}]}}