{"id":833,"date":"2024-01-23T13:55:36","date_gmt":"2024-01-23T13:55:36","guid":{"rendered":"https:\/\/gitterbox.at\/?post_type=product&#038;p=833"},"modified":"2024-09-24T13:08:52","modified_gmt":"2024-09-24T13:08:52","slug":"aufsatz-gitterrahmen-mit-1m-hoehe","status":"publish","type":"product","link":"https:\/\/gitterbox.at\/index.php\/produkt\/aufsatz-gitterrahmen-mit-1m-hoehe\/","title":{"rendered":"Aufsatz-Gitterrahmen &#8211; schwarz"},"content":{"rendered":"<p>Aufsatz-Gitterrahmen NEU f\u00fcr Europaletten in schwarz,<br \/>\neine L\u00e4ngsseite ist zur H\u00e4lfte klappbar<br \/>\n2-teilig \u2013 dadurch ist eine platzsparende Aufbewahrung m\u00f6glich,<br \/>\n100\/100er mm Maschung,<br \/>\nDie Aufsatz-Gitterrahmen sind stapelbar.<br \/>\n(Die Europalette ist nicht im Lieferumfang inbegriffen.)<\/p>\n<p>1200x800x1000 mm, Farbe schwarz,<\/p>\n<p>!!! Auf Anfrage !!!<\/p>\n<p>&nbsp;<\/p>\n<p><strong>VERSANDOPTIONEN:<br \/>\nAbholung: <\/strong>Ist jederzeit bei unserem Firmenstandort in Wippenham m\u00f6glich.<\/p>\n<p><strong>Versand: <\/strong>Ist \u00d6sterreichweit m\u00f6glich. (Weitere EU-L\u00e4nder auf Anfrage.)<strong><br \/>\n<\/strong>Die Versandkosten werden nach Lieferort ermittelt.<br \/>\nWir bitte um Ihr Verst\u00e4ndnis und werden Ihnen die Frachtkosten (PLZ-genau) in einen separaten Angebot nennen.<br \/>\nBitte nutze hierzu die ANFRAGE-OPTION im Warenkorb.<\/p>\n","protected":false},"excerpt":{"rendered":"<p>Aufsatz-Gitterrahmen NEU f\u00fcr Europaletten in schwarz, eine L\u00e4ngsseite ist zur H\u00e4lfte klappbar 2-teilig \u2013 dadurch ist eine platzsparende Aufbewahrung m\u00f6glich, 100\/100er mm Maschung, Die Aufsatz-Gitterrahmen sind stapelbar. (Die Europalette ist nicht im Lieferumfang inbegriffen.) 1200x800x1000 mm, Farbe schwarz, !!! Auf Anfrage !!! &nbsp; VERSANDOPTIONEN: Abholung: Ist jederzeit bei unserem Firmenstandort in Wippenham m\u00f6glich. Versand: Ist [&hellip;]<\/p>\n","protected":false},"featured_media":670,"template":"","meta":{"_acf_changed":false},"product_brand":[],"product_cat":[25],"product_tag":[],"class_list":{"0":"post-833","1":"product","2":"type-product","3":"status-publish","4":"has-post-thumbnail","6":"product_cat-aufsatzrahmen","8":"first","9":"instock","10":"taxable","11":"shipping-taxable","12":"purchasable","13":"product-type-simple"},"acf":[],"_links":{"self":[{"href":"https:\/\/gitterbox.at\/index.php\/wp-json\/wp\/v2\/product\/833","targetHints":{"allow":["GET"]}}],"collection":[{"href":"https:\/\/gitterbox.at\/index.php\/wp-json\/wp\/v2\/product"}],"about":[{"href":"https:\/\/gitterbox.at\/index.php\/wp-json\/wp\/v2\/types\/product"}],"wp:featuredmedia":[{"embeddable":true,"href":"https:\/\/gitterbox.at\/index.php\/wp-json\/wp\/v2\/media\/670"}],"wp:attachment":[{"href":"https:\/\/gitterbox.at\/index.php\/wp-json\/wp\/v2\/media?parent=833"}],"wp:term":[{"taxonomy":"product_brand","embeddable":true,"href":"https:\/\/gitterbox.at\/index.php\/wp-json\/wp\/v2\/product_brand?post=833"},{"taxonomy":"product_cat","embeddable":true,"href":"https:\/\/gitterbox.at\/index.php\/wp-json\/wp\/v2\/product_cat?post=833"},{"taxonomy":"product_tag","embeddable":true,"href":"https:\/\/gitterbox.at\/index.php\/wp-json\/wp\/v2\/product_tag?post=833"}],"curies":[{"name":"wp","href":"https:\/\/api.w.org\/{rel}","templated":true}]}}